{"id":2,"date":"2025-03-27T17:42:26","date_gmt":"2025-03-27T17:42:26","guid":{"rendered":"http:\/\/127.0.0.1\/?page_id=2"},"modified":"2025-11-21T15:10:42","modified_gmt":"2025-11-21T15:10:42","slug":"home","status":"publish","type":"page","link":"https:\/\/pinocchiotheconcept.com\/fr\/","title":{"rendered":"Home"},"content":{"rendered":"<div data-elementor-type=\"wp-page\" data-elementor-id=\"2\" class=\"elementor elementor-2\" data-elementor-post-type=\"page\">\n\t\t\t\t<div class=\"elementor-element elementor-element-625cd55 e-con-full e-flex e-con e-parent\" data-id=\"625cd55\" data-element_type=\"container\" data-settings=\"{&quot;background_background&quot;:&quot;classic&quot;}\">\n\t\t\t\t<div class=\"elementor-element elementor-element-42527af elementor-widget elementor-widget-text-editor\" data-id=\"42527af\" data-element_type=\"widget\" data-widget_type=\"text-editor.default\">\n\t\t\t\t<div class=\"elementor-widget-container\">\n\t\t\t\t\t\t\t\t\t<p>Bienvenue chez Pinocchio<\/p>\t\t\t\t\t\t\t\t<\/div>\n\t\t\t\t<\/div>\n\t\t\t\t<\/div>\n\t\t<div class=\"elementor-element elementor-element-34bd724 e-con-full e-flex e-con e-parent\" data-id=\"34bd724\" data-element_type=\"container\">\n\t\t\t\t<div class=\"elementor-element elementor-element-604c488 elementor-widget__width-inherit elementor--v-position-bottom home-slider elementor--h-position-center elementor-pagination-position-inside elementor-widget elementor-widget-slides\" data-id=\"604c488\" data-element_type=\"widget\" data-settings=\"{&quot;navigation&quot;:&quot;dots&quot;,&quot;autoplay&quot;:&quot;yes&quot;,&quot;pause_on_hover&quot;:&quot;yes&quot;,&quot;pause_on_interaction&quot;:&quot;yes&quot;,&quot;autoplay_speed&quot;:5000,&quot;infinite&quot;:&quot;yes&quot;,&quot;transition&quot;:&quot;slide&quot;,&quot;transition_speed&quot;:500}\" data-widget_type=\"slides.default\">\n\t\t\t\t<div class=\"elementor-widget-container\">\n\t\t\t\t\t\t\t\t\t<div class=\"elementor-swiper\">\n\t\t\t\t\t<div class=\"elementor-slides-wrapper elementor-main-swiper swiper\" role=\"region\" aria-roledescription=\"carousel\" aria-label=\"\" dir=\"ltr\" data-animation=\"zoomIn\">\n\t\t\t\t<div class=\"swiper-wrapper elementor-slides\">\n\t\t\t\t\t\t\t\t\t\t<div class=\"elementor-repeater-item-4769706 swiper-slide\" role=\"group\" aria-roledescription=\"slide\"><div class=\"swiper-slide-bg\" role=\"img\"><\/div><div class=\"swiper-slide-inner\" ><div class=\"swiper-slide-contents\"><a href=\"https:\/\/pinocchiotheconcept.com\/fr\/contact\/\" class=\"elementor-button elementor-slide-button elementor-size-sm\">R\u00c9SERVEZ<\/a><\/div><\/div><\/div><div class=\"elementor-repeater-item-2c9e341 swiper-slide\" role=\"group\" aria-roledescription=\"slide\"><div class=\"swiper-slide-bg\" role=\"img\"><\/div><div class=\"swiper-slide-inner\" ><div class=\"swiper-slide-contents\"><a href=\"https:\/\/pinocchiotheconcept.com\/fr\/contact\/\" class=\"elementor-button elementor-slide-button elementor-size-sm\">R\u00c9SERVEZ<\/a><\/div><\/div><\/div><div class=\"elementor-repeater-item-350380b swiper-slide\" role=\"group\" aria-roledescription=\"slide\"><div class=\"swiper-slide-bg\" role=\"img\"><\/div><div class=\"swiper-slide-inner\" ><div class=\"swiper-slide-contents\"><a href=\"https:\/\/pinocchiotheconcept.com\/fr\/contact\/\" class=\"elementor-button elementor-slide-button elementor-size-sm\">R\u00c9SERVEZ<\/a><\/div><\/div><\/div><div class=\"elementor-repeater-item-dfe1903 swiper-slide\" role=\"group\" aria-roledescription=\"slide\"><div class=\"swiper-slide-bg\" role=\"img\"><\/div><div class=\"swiper-slide-inner\" ><div class=\"swiper-slide-contents\"><a href=\"https:\/\/pinocchiotheconcept.com\/fr\/contact\/\" class=\"elementor-button elementor-slide-button elementor-size-sm\">R\u00c9SERVEZ<\/a><\/div><\/div><\/div><div class=\"elementor-repeater-item-5433281 swiper-slide\" role=\"group\" aria-roledescription=\"slide\"><div class=\"swiper-slide-bg\" role=\"img\"><\/div><div class=\"swiper-slide-inner\" ><div class=\"swiper-slide-contents\"><a href=\"https:\/\/pinocchiotheconcept.com\/fr\/contact\/\" class=\"elementor-button elementor-slide-button elementor-size-sm\">R\u00c9SERVEZ<\/a><\/div><\/div><\/div>\t\t\t\t<\/div>\n\t\t\t\t\t\t\t\t\t\t\t\t\t\t\t\t\t\t\t\t<div class=\"swiper-pagination\"><\/div>\n\t\t\t\t\t\t\t\t\t\t\t\t<\/div>\n\t\t\t\t<\/div>\n\t\t\t\t\t\t\t\t<\/div>\n\t\t\t\t<\/div>\n\t\t\t\t<\/div>\n\t\t<div class=\"elementor-element elementor-element-cb753c5 e-flex e-con-boxed e-con e-parent\" data-id=\"cb753c5\" data-element_type=\"container\">\n\t\t\t\t\t<div class=\"e-con-inner\">\n\t\t\t\t<div class=\"elementor-element elementor-element-248e390 elementor-widget elementor-widget-spacer\" data-id=\"248e390\" data-element_type=\"widget\" data-widget_type=\"spacer.default\">\n\t\t\t\t<div class=\"elementor-widget-container\">\n\t\t\t\t\t\t\t<div class=\"elementor-spacer\">\n\t\t\t<div class=\"elementor-spacer-inner\"><\/div>\n\t\t<\/div>\n\t\t\t\t\t\t<\/div>\n\t\t\t\t<\/div>\n\t\t\t\t\t<\/div>\n\t\t\t\t<\/div>\n\t\t<div class=\"elementor-element elementor-element-17ecfdb e-con-full e-flex e-con e-parent\" data-id=\"17ecfdb\" data-element_type=\"container\">\n\t\t\t\t<div class=\"elementor-element elementor-element-e42352f elementor-widget elementor-widget-text-editor\" data-id=\"e42352f\" data-element_type=\"widget\" data-widget_type=\"text-editor.default\">\n\t\t\t\t<div class=\"elementor-widget-container\">\n\t\t\t\t\t\t\t\t\t<p>Bienvenue chez Pinocchio, o\u00f9 chaque bouch\u00e9e vous emm\u00e8ne dans un voyage plein de saveurs au\ncoeur de l\u2019Afrique de l\u2019Ouest. La glace est notre science, la pizza est notre art, et la cuisine italienne est notre passion.<\/p>\t\t\t\t\t\t\t\t<\/div>\n\t\t\t\t<\/div>\n\t\t\t\t<\/div>\n\t\t<div class=\"elementor-element elementor-element-bbbb26a e-flex e-con-boxed e-con e-parent\" data-id=\"bbbb26a\" data-element_type=\"container\">\n\t\t\t\t\t<div class=\"e-con-inner\">\n\t\t\t\t<div class=\"elementor-element elementor-element-623df22 elementor-widget elementor-widget-spacer\" data-id=\"623df22\" data-element_type=\"widget\" data-widget_type=\"spacer.default\">\n\t\t\t\t<div class=\"elementor-widget-container\">\n\t\t\t\t\t\t\t<div class=\"elementor-spacer\">\n\t\t\t<div class=\"elementor-spacer-inner\"><\/div>\n\t\t<\/div>\n\t\t\t\t\t\t<\/div>\n\t\t\t\t<\/div>\n\t\t\t\t\t<\/div>\n\t\t\t\t<\/div>\n\t\t<div class=\"elementor-element elementor-element-336fc89 e-con-full e-flex e-con e-parent\" data-id=\"336fc89\" data-element_type=\"container\">\n\t\t\t\t<div class=\"elementor-element elementor-element-5afc2ee elementor-widget elementor-widget-heading\" data-id=\"5afc2ee\" data-element_type=\"widget\" data-widget_type=\"heading.default\">\n\t\t\t\t<div class=\"elementor-widget-container\">\n\t\t\t\t\t<h2 class=\"elementor-heading-title elementor-size-default\">MENUS<\/h2>\t\t\t\t<\/div>\n\t\t\t\t<\/div>\n\t\t\t\t<\/div>\n\t\t<div class=\"elementor-element elementor-element-486022a e-con-full e-flex e-con e-parent\" data-id=\"486022a\" data-element_type=\"container\">\n\t\t<div class=\"elementor-element elementor-element-edf1876 e-con-full e-flex e-con e-child\" data-id=\"edf1876\" data-element_type=\"container\">\n\t\t\t\t<div class=\"elementor-element elementor-element-5ec2eba elementor-widget elementor-widget-image\" data-id=\"5ec2eba\" data-element_type=\"widget\" data-widget_type=\"image.default\">\n\t\t\t\t<div class=\"elementor-widget-container\">\n\t\t\t\t\t\t\t\t\t\t\t\t\t\t\t\t<a href=\"https:\/\/pinocchiotheconcept.com\/fr\/menus\/\">\n\t\t\t\t\t\t\t<img fetchpriority=\"high\" decoding=\"async\" width=\"1800\" height=\"1092\" src=\"https:\/\/pinocchiotheconcept.com\/wp-content\/uploads\/2025\/03\/menu-pizza-1.png\" class=\"attachment-2048x2048 size-2048x2048 wp-image-1430\" alt=\"\" srcset=\"https:\/\/pinocchiotheconcept.com\/wp-content\/uploads\/2025\/03\/menu-pizza-1.png 1800w, https:\/\/pinocchiotheconcept.com\/wp-content\/uploads\/2025\/03\/menu-pizza-1-300x182.png 300w, https:\/\/pinocchiotheconcept.com\/wp-content\/uploads\/2025\/03\/menu-pizza-1-1024x621.png 1024w, https:\/\/pinocchiotheconcept.com\/wp-content\/uploads\/2025\/03\/menu-pizza-1-768x466.png 768w, https:\/\/pinocchiotheconcept.com\/wp-content\/uploads\/2025\/03\/menu-pizza-1-1536x932.png 1536w\" sizes=\"(max-width: 1800px) 100vw, 1800px\" \/>\t\t\t\t\t\t\t\t<\/a>\n\t\t\t\t\t\t\t\t\t\t\t\t\t\t\t<\/div>\n\t\t\t\t<\/div>\n\t\t\t\t<div class=\"elementor-element elementor-element-23e4e90 elementor-widget elementor-widget-heading\" data-id=\"23e4e90\" data-element_type=\"widget\" data-widget_type=\"heading.default\">\n\t\t\t\t<div class=\"elementor-widget-container\">\n\t\t\t\t\t<h1 class=\"elementor-heading-title elementor-size-default\"><a href=\"https:\/\/pinocchiotheconcept.com\/fr\/menus\/\">PINOCCHIO PIZZERIA &amp; GELATERIA<\/a><\/h1>\t\t\t\t<\/div>\n\t\t\t\t<\/div>\n\t\t\t\t<div class=\"elementor-element elementor-element-a737426 elementor-widget__width-inherit elementor-widget elementor-widget-text-editor\" data-id=\"a737426\" data-element_type=\"widget\" data-widget_type=\"text-editor.default\">\n\t\t\t\t<div class=\"elementor-widget-container\">\n\t\t\t\t\t\t\t\t\t<p>Savourez une glace italienne, une pizza artisanale et une cuisine italienne classique, pr\u00e9par\u00e9es avec\npassion.<\/p>\t\t\t\t\t\t\t\t<\/div>\n\t\t\t\t<\/div>\n\t\t\t\t<div class=\"elementor-element elementor-element-1b1b41d elementor-align-center elementor-widget elementor-widget-button\" data-id=\"1b1b41d\" data-element_type=\"widget\" data-widget_type=\"button.default\">\n\t\t\t\t<div class=\"elementor-widget-container\">\n\t\t\t\t\t\t\t\t\t<div class=\"elementor-button-wrapper\">\n\t\t\t\t\t<a class=\"elementor-button elementor-button-link elementor-size-sm\" href=\"https:\/\/pinocchiotheconcept.com\/fr\/menus\/\">\n\t\t\t\t\t\t<span class=\"elementor-button-content-wrapper\">\n\t\t\t\t\t\t\t\t\t<span class=\"elementor-button-text\">En savoir plus<\/span>\n\t\t\t\t\t<\/span>\n\t\t\t\t\t<\/a>\n\t\t\t\t<\/div>\n\t\t\t\t\t\t\t\t<\/div>\n\t\t\t\t<\/div>\n\t\t\t\t<\/div>\n\t\t<div class=\"elementor-element elementor-element-fe26d82 e-con-full e-flex e-con e-child\" data-id=\"fe26d82\" data-element_type=\"container\">\n\t\t\t\t<div class=\"elementor-element elementor-element-f9486a5 elementor-widget elementor-widget-image\" data-id=\"f9486a5\" data-element_type=\"widget\" data-widget_type=\"image.default\">\n\t\t\t\t<div class=\"elementor-widget-container\">\n\t\t\t\t\t\t\t\t\t\t\t\t\t\t\t\t<a href=\"https:\/\/pinocchiotheconcept.com\/fr\/menus\/\">\n\t\t\t\t\t\t\t<img decoding=\"async\" width=\"1800\" height=\"1092\" src=\"https:\/\/pinocchiotheconcept.com\/wp-content\/uploads\/2025\/03\/menu-icecream-1.png\" class=\"attachment-2048x2048 size-2048x2048 wp-image-1431\" alt=\"\" srcset=\"https:\/\/pinocchiotheconcept.com\/wp-content\/uploads\/2025\/03\/menu-icecream-1.png 1800w, https:\/\/pinocchiotheconcept.com\/wp-content\/uploads\/2025\/03\/menu-icecream-1-300x182.png 300w, https:\/\/pinocchiotheconcept.com\/wp-content\/uploads\/2025\/03\/menu-icecream-1-1024x621.png 1024w, https:\/\/pinocchiotheconcept.com\/wp-content\/uploads\/2025\/03\/menu-icecream-1-768x466.png 768w, https:\/\/pinocchiotheconcept.com\/wp-content\/uploads\/2025\/03\/menu-icecream-1-1536x932.png 1536w\" sizes=\"(max-width: 1800px) 100vw, 1800px\" \/>\t\t\t\t\t\t\t\t<\/a>\n\t\t\t\t\t\t\t\t\t\t\t\t\t\t\t<\/div>\n\t\t\t\t<\/div>\n\t\t\t\t<div class=\"elementor-element elementor-element-ada41b5 elementor-widget elementor-widget-heading\" data-id=\"ada41b5\" data-element_type=\"widget\" data-widget_type=\"heading.default\">\n\t\t\t\t<div class=\"elementor-widget-container\">\n\t\t\t\t\t<h1 class=\"elementor-heading-title elementor-size-default\"><a href=\"https:\/\/pinocchiotheconcept.com\/fr\/menus\/\">PINOCCHIO CAF\u00c9 &amp; GELATERIA<\/a><\/h1>\t\t\t\t<\/div>\n\t\t\t\t<\/div>\n\t\t\t\t<div class=\"elementor-element elementor-element-e1eaf56 elementor-widget elementor-widget-text-editor\" data-id=\"e1eaf56\" data-element_type=\"widget\" data-widget_type=\"text-editor.default\">\n\t\t\t\t<div class=\"elementor-widget-container\">\n\t\t\t\t\t\t\t\t\t<p>Succombez \u00e0 l\u2019\u00e9l\u00e9gance des glaces italiennes artisanales, des douceurs sucr\u00e9es et d\u2019un\ncaf\u00e9 pr\u00e9par\u00e9 avec soin.<\/p>\t\t\t\t\t\t\t\t<\/div>\n\t\t\t\t<\/div>\n\t\t\t\t<div class=\"elementor-element elementor-element-53249a3 elementor-widget elementor-widget-button\" data-id=\"53249a3\" data-element_type=\"widget\" data-widget_type=\"button.default\">\n\t\t\t\t<div class=\"elementor-widget-container\">\n\t\t\t\t\t\t\t\t\t<div class=\"elementor-button-wrapper\">\n\t\t\t\t\t<a class=\"elementor-button elementor-button-link elementor-size-sm\" href=\"https:\/\/pinocchiotheconcept.com\/fr\/menus\/\">\n\t\t\t\t\t\t<span class=\"elementor-button-content-wrapper\">\n\t\t\t\t\t\t\t\t\t<span class=\"elementor-button-text\">En savoir plus<\/span>\n\t\t\t\t\t<\/span>\n\t\t\t\t\t<\/a>\n\t\t\t\t<\/div>\n\t\t\t\t\t\t\t\t<\/div>\n\t\t\t\t<\/div>\n\t\t\t\t<\/div>\n\t\t\t\t<\/div>\n\t\t<div class=\"elementor-element elementor-element-1dec958 e-con-full e-flex e-con e-parent\" data-id=\"1dec958\" data-element_type=\"container\">\n\t\t\t\t<div class=\"elementor-element elementor-element-65abc20 elementor-widget elementor-widget-spacer\" data-id=\"65abc20\" data-element_type=\"widget\" data-widget_type=\"spacer.default\">\n\t\t\t\t<div class=\"elementor-widget-container\">\n\t\t\t\t\t\t\t<div class=\"elementor-spacer\">\n\t\t\t<div class=\"elementor-spacer-inner\"><\/div>\n\t\t<\/div>\n\t\t\t\t\t\t<\/div>\n\t\t\t\t<\/div>\n\t\t\t\t<\/div>\n\t\t<div class=\"elementor-element elementor-element-dc5fb21 e-con-full e-flex e-con e-parent\" data-id=\"dc5fb21\" data-element_type=\"container\">\n\t\t\t\t<div class=\"elementor-element elementor-element-39f531a elementor-widget elementor-widget-heading\" data-id=\"39f531a\" data-element_type=\"widget\" data-widget_type=\"heading.default\">\n\t\t\t\t<div class=\"elementor-widget-container\">\n\t\t\t\t\t<h2 class=\"elementor-heading-title elementor-size-default\">ACTUALIT\u00c9S<\/h2>\t\t\t\t<\/div>\n\t\t\t\t<\/div>\n\t\t\t\t<\/div>\n\t\t<div class=\"elementor-element elementor-element-33a5867 e-con-full e-flex e-con e-parent\" data-id=\"33a5867\" data-element_type=\"container\">\n\t\t<div class=\"elementor-element elementor-element-c83bf9c e-con-full e-flex e-con e-child\" data-id=\"c83bf9c\" data-element_type=\"container\">\n\t\t\t\t<div class=\"elementor-element elementor-element-84b34af elementor-widget elementor-widget-image\" data-id=\"84b34af\" data-element_type=\"widget\" data-widget_type=\"image.default\">\n\t\t\t\t<div class=\"elementor-widget-container\">\n\t\t\t\t\t\t\t\t\t\t\t\t\t\t\t\t<a href=\"https:\/\/pinocchiotheconcept.com\/fr\/events\/\">\n\t\t\t\t\t\t\t<img decoding=\"async\" width=\"1200\" height=\"736\" src=\"https:\/\/pinocchiotheconcept.com\/wp-content\/uploads\/2025\/03\/whats-on-1.png\" class=\"attachment-2048x2048 size-2048x2048 wp-image-182\" alt=\"\" srcset=\"https:\/\/pinocchiotheconcept.com\/wp-content\/uploads\/2025\/03\/whats-on-1.png 1200w, https:\/\/pinocchiotheconcept.com\/wp-content\/uploads\/2025\/03\/whats-on-1-300x184.png 300w, https:\/\/pinocchiotheconcept.com\/wp-content\/uploads\/2025\/03\/whats-on-1-1024x628.png 1024w, https:\/\/pinocchiotheconcept.com\/wp-content\/uploads\/2025\/03\/whats-on-1-768x471.png 768w\" sizes=\"(max-width: 1200px) 100vw, 1200px\" \/>\t\t\t\t\t\t\t\t<\/a>\n\t\t\t\t\t\t\t\t\t\t\t\t\t\t\t<\/div>\n\t\t\t\t<\/div>\n\t\t\t\t<div class=\"elementor-element elementor-element-776b6a7 elementor-widget elementor-widget-heading\" data-id=\"776b6a7\" data-element_type=\"widget\" data-widget_type=\"heading.default\">\n\t\t\t\t<div class=\"elementor-widget-container\">\n\t\t\t\t\t<h1 class=\"elementor-heading-title elementor-size-default\"><a href=\"https:\/\/pinocchiotheconcept.com\/fr\/events\/\">RENCONTREZ NOTRE MA\u00ceTRE GLACIER<\/a><\/h1>\t\t\t\t<\/div>\n\t\t\t\t<\/div>\n\t\t\t\t<div class=\"elementor-element elementor-element-296d9db elementor-widget__width-inherit elementor-widget elementor-widget-text-editor\" data-id=\"296d9db\" data-element_type=\"widget\" data-widget_type=\"text-editor.default\">\n\t\t\t\t<div class=\"elementor-widget-container\">\n\t\t\t\t\t\t\t\t\t<p>Rencontrez notre Ma\u00eetre Glacier, Filippo Guarnieri ! Voyez-le cr\u00e9er de la magie dans nos\nlaboratoires de glace.<\/p>\t\t\t\t\t\t\t\t<\/div>\n\t\t\t\t<\/div>\n\t\t\t\t<div class=\"elementor-element elementor-element-674ba27 elementor-align-left elementor-widget elementor-widget-button\" data-id=\"674ba27\" data-element_type=\"widget\" data-widget_type=\"button.default\">\n\t\t\t\t<div class=\"elementor-widget-container\">\n\t\t\t\t\t\t\t\t\t<div class=\"elementor-button-wrapper\">\n\t\t\t\t\t<a class=\"elementor-button elementor-button-link elementor-size-sm\" href=\"https:\/\/pinocchiotheconcept.com\/fr\/events\/\">\n\t\t\t\t\t\t<span class=\"elementor-button-content-wrapper\">\n\t\t\t\t\t\t\t\t\t<span class=\"elementor-button-text\">En savoir plus<\/span>\n\t\t\t\t\t<\/span>\n\t\t\t\t\t<\/a>\n\t\t\t\t<\/div>\n\t\t\t\t\t\t\t\t<\/div>\n\t\t\t\t<\/div>\n\t\t\t\t<\/div>\n\t\t<div class=\"elementor-element elementor-element-9066a1b e-con-full e-flex e-con e-child\" data-id=\"9066a1b\" data-element_type=\"container\">\n\t\t\t\t<div class=\"elementor-element elementor-element-a12ff0a elementor-widget elementor-widget-image\" data-id=\"a12ff0a\" data-element_type=\"widget\" data-widget_type=\"image.default\">\n\t\t\t\t<div class=\"elementor-widget-container\">\n\t\t\t\t\t\t\t\t\t\t\t\t\t\t\t\t<a href=\"https:\/\/pinocchiotheconcept.com\/fr\/events\/\">\n\t\t\t\t\t\t\t<img loading=\"lazy\" decoding=\"async\" width=\"1200\" height=\"736\" src=\"https:\/\/pinocchiotheconcept.com\/wp-content\/uploads\/2025\/03\/whats-on-2.png\" class=\"attachment-2048x2048 size-2048x2048 wp-image-183\" alt=\"\" srcset=\"https:\/\/pinocchiotheconcept.com\/wp-content\/uploads\/2025\/03\/whats-on-2.png 1200w, https:\/\/pinocchiotheconcept.com\/wp-content\/uploads\/2025\/03\/whats-on-2-300x184.png 300w, https:\/\/pinocchiotheconcept.com\/wp-content\/uploads\/2025\/03\/whats-on-2-1024x628.png 1024w, https:\/\/pinocchiotheconcept.com\/wp-content\/uploads\/2025\/03\/whats-on-2-768x471.png 768w\" sizes=\"(max-width: 1200px) 100vw, 1200px\" \/>\t\t\t\t\t\t\t\t<\/a>\n\t\t\t\t\t\t\t\t\t\t\t\t\t\t\t<\/div>\n\t\t\t\t<\/div>\n\t\t\t\t<div class=\"elementor-element elementor-element-a85c613 elementor-widget elementor-widget-heading\" data-id=\"a85c613\" data-element_type=\"widget\" data-widget_type=\"heading.default\">\n\t\t\t\t<div class=\"elementor-widget-container\">\n\t\t\t\t\t<h1 class=\"elementor-heading-title elementor-size-default\"><a href=\"https:\/\/pinocchiotheconcept.com\/fr\/events\/\">Lancement des popsicles <br> \n<\/a><\/h1>\t\t\t\t<\/div>\n\t\t\t\t<\/div>\n\t\t\t\t<div class=\"elementor-element elementor-element-1d8eba2 elementor-widget elementor-widget-text-editor\" data-id=\"1d8eba2\" data-element_type=\"widget\" data-widget_type=\"text-editor.default\">\n\t\t\t\t<div class=\"elementor-widget-container\">\n\t\t\t\t\t\t\t\t\t<p>Nos popsicles de la Saint-Valentin ont fait fondre bien des coeurs\u2026 elles m\u00e9ritaient\nbien une place permanente.\u201d<\/p>\t\t\t\t\t\t\t\t<\/div>\n\t\t\t\t<\/div>\n\t\t\t\t<div class=\"elementor-element elementor-element-96fb2c4 elementor-align-left elementor-widget elementor-widget-button\" data-id=\"96fb2c4\" data-element_type=\"widget\" data-widget_type=\"button.default\">\n\t\t\t\t<div class=\"elementor-widget-container\">\n\t\t\t\t\t\t\t\t\t<div class=\"elementor-button-wrapper\">\n\t\t\t\t\t<a class=\"elementor-button elementor-button-link elementor-size-sm\" href=\"https:\/\/pinocchiotheconcept.com\/fr\/events\/\">\n\t\t\t\t\t\t<span class=\"elementor-button-content-wrapper\">\n\t\t\t\t\t\t\t\t\t<span class=\"elementor-button-text\">En savoir plus<\/span>\n\t\t\t\t\t<\/span>\n\t\t\t\t\t<\/a>\n\t\t\t\t<\/div>\n\t\t\t\t\t\t\t\t<\/div>\n\t\t\t\t<\/div>\n\t\t\t\t<\/div>\n\t\t<div class=\"elementor-element elementor-element-8fd2bd8 e-con-full e-flex e-con e-child\" data-id=\"8fd2bd8\" data-element_type=\"container\">\n\t\t\t\t<div class=\"elementor-element elementor-element-af5f590 elementor-widget elementor-widget-image\" data-id=\"af5f590\" data-element_type=\"widget\" data-widget_type=\"image.default\">\n\t\t\t\t<div class=\"elementor-widget-container\">\n\t\t\t\t\t\t\t\t\t\t\t\t\t\t\t\t<a href=\"https:\/\/pinocchiotheconcept.com\/fr\/events\/\">\n\t\t\t\t\t\t\t<img loading=\"lazy\" decoding=\"async\" width=\"1200\" height=\"736\" src=\"https:\/\/pinocchiotheconcept.com\/wp-content\/uploads\/2025\/03\/whats-on-3.png\" class=\"attachment-2048x2048 size-2048x2048 wp-image-184\" alt=\"\" srcset=\"https:\/\/pinocchiotheconcept.com\/wp-content\/uploads\/2025\/03\/whats-on-3.png 1200w, https:\/\/pinocchiotheconcept.com\/wp-content\/uploads\/2025\/03\/whats-on-3-300x184.png 300w, https:\/\/pinocchiotheconcept.com\/wp-content\/uploads\/2025\/03\/whats-on-3-1024x628.png 1024w, https:\/\/pinocchiotheconcept.com\/wp-content\/uploads\/2025\/03\/whats-on-3-768x471.png 768w\" sizes=\"(max-width: 1200px) 100vw, 1200px\" \/>\t\t\t\t\t\t\t\t<\/a>\n\t\t\t\t\t\t\t\t\t\t\t\t\t\t\t<\/div>\n\t\t\t\t<\/div>\n\t\t\t\t<div class=\"elementor-element elementor-element-a740fd0 elementor-widget elementor-widget-heading\" data-id=\"a740fd0\" data-element_type=\"widget\" data-widget_type=\"heading.default\">\n\t\t\t\t<div class=\"elementor-widget-container\">\n\t\t\t\t\t<h1 class=\"elementor-heading-title elementor-size-default\"><a href=\"https:\/\/pinocchiotheconcept.com\/fr\/events\/\">PINOCCHIO R\u00c9IMAGIN\u00c9<\/a><\/h1>\t\t\t\t<\/div>\n\t\t\t\t<\/div>\n\t\t\t\t<div class=\"elementor-element elementor-element-dc5ac3a elementor-widget elementor-widget-text-editor\" data-id=\"dc5ac3a\" data-element_type=\"widget\" data-widget_type=\"text-editor.default\">\n\t\t\t\t<div class=\"elementor-widget-container\">\n\t\t\t\t\t\t\t\t\t<p>Pinocchio se r\u00e9invente ! Passez nous voir \u00e0 Osu, Accra, pour un tout nouveau look et\nune explosion de saveurs italiennes.<\/p>\t\t\t\t\t\t\t\t<\/div>\n\t\t\t\t<\/div>\n\t\t\t\t<div class=\"elementor-element elementor-element-59d1764 elementor-widget elementor-widget-button\" data-id=\"59d1764\" data-element_type=\"widget\" data-widget_type=\"button.default\">\n\t\t\t\t<div class=\"elementor-widget-container\">\n\t\t\t\t\t\t\t\t\t<div class=\"elementor-button-wrapper\">\n\t\t\t\t\t<a class=\"elementor-button elementor-button-link elementor-size-sm\" href=\"https:\/\/pinocchiotheconcept.com\/fr\/events\/\">\n\t\t\t\t\t\t<span class=\"elementor-button-content-wrapper\">\n\t\t\t\t\t\t\t\t\t<span class=\"elementor-button-text\">En savoir plus<\/span>\n\t\t\t\t\t<\/span>\n\t\t\t\t\t<\/a>\n\t\t\t\t<\/div>\n\t\t\t\t\t\t\t\t<\/div>\n\t\t\t\t<\/div>\n\t\t\t\t<\/div>\n\t\t\t\t<\/div>\n\t\t<div class=\"elementor-element elementor-element-5215b9b e-flex e-con-boxed e-con e-parent\" data-id=\"5215b9b\" data-element_type=\"container\">\n\t\t\t\t\t<div class=\"e-con-inner\">\n\t\t\t\t<div class=\"elementor-element elementor-element-3faca91 elementor-widget elementor-widget-spacer\" data-id=\"3faca91\" data-element_type=\"widget\" data-widget_type=\"spacer.default\">\n\t\t\t\t<div class=\"elementor-widget-container\">\n\t\t\t\t\t\t\t<div class=\"elementor-spacer\">\n\t\t\t<div class=\"elementor-spacer-inner\"><\/div>\n\t\t<\/div>\n\t\t\t\t\t\t<\/div>\n\t\t\t\t<\/div>\n\t\t\t\t\t<\/div>\n\t\t\t\t<\/div>\n\t\t\t\t<\/div>","protected":false},"excerpt":{"rendered":"<p>Welcome to Pinocchio&#8217;s BOOK NOWBOOK NOWBOOK NOWBOOK NOWBOOK NOW Welcome to Pinocchio, where every bite takes you on a flavor-filled journey right in the heart of West Africa. Gelato is our science, pizza is our art, and Italian cuisine is our passion. MENUS PINOCCHIO PIZZERIA &amp; GELATERIA Savor, Italian gelato, artisanal pizza, and classic Italian [&hellip;]<\/p>","protected":false},"author":1,"featured_media":0,"parent":0,"menu_order":0,"comment_status":"closed","ping_status":"closed","template":"","meta":{"footnotes":""},"class_list":["post-2","page","type-page","status-publish","hentry"],"_links":{"self":[{"href":"https:\/\/pinocchiotheconcept.com\/fr\/wp-json\/wp\/v2\/pages\/2","targetHints":{"allow":["GET"]}}],"collection":[{"href":"https:\/\/pinocchiotheconcept.com\/fr\/wp-json\/wp\/v2\/pages"}],"about":[{"href":"https:\/\/pinocchiotheconcept.com\/fr\/wp-json\/wp\/v2\/types\/page"}],"author":[{"embeddable":true,"href":"https:\/\/pinocchiotheconcept.com\/fr\/wp-json\/wp\/v2\/users\/1"}],"replies":[{"embeddable":true,"href":"https:\/\/pinocchiotheconcept.com\/fr\/wp-json\/wp\/v2\/comments?post=2"}],"version-history":[{"count":614,"href":"https:\/\/pinocchiotheconcept.com\/fr\/wp-json\/wp\/v2\/pages\/2\/revisions"}],"predecessor-version":[{"id":3215,"href":"https:\/\/pinocchiotheconcept.com\/fr\/wp-json\/wp\/v2\/pages\/2\/revisions\/3215"}],"wp:attachment":[{"href":"https:\/\/pinocchiotheconcept.com\/fr\/wp-json\/wp\/v2\/media?parent=2"}],"curies":[{"name":"wp","href":"https:\/\/api.w.org\/{rel}","templated":true}]}}