{"id":263,"date":"2025-03-27T20:45:43","date_gmt":"2025-03-27T20:45:43","guid":{"rendered":"http:\/\/35.159.20.47\/?page_id=263"},"modified":"2025-06-12T16:49:11","modified_gmt":"2025-06-12T16:49:11","slug":"about","status":"publish","type":"page","link":"https:\/\/pinocchiotheconcept.com\/fr\/about\/","title":{"rendered":"\u00c0 propos"},"content":{"rendered":"<div data-elementor-type=\"wp-page\" data-elementor-id=\"263\" class=\"elementor elementor-263\" data-elementor-post-type=\"page\">\n\t\t\t\t<div class=\"elementor-element elementor-element-13036456 e-con-full e-flex e-con e-parent\" data-id=\"13036456\" data-element_type=\"container\" data-settings=\"{&quot;background_background&quot;:&quot;classic&quot;}\">\n\t\t<div class=\"elementor-element elementor-element-dcdff00 e-flex e-con-boxed e-con e-child\" data-id=\"dcdff00\" data-element_type=\"container\">\n\t\t\t\t\t<div class=\"e-con-inner\">\n\t\t\t\t<div class=\"elementor-element elementor-element-460b7570 elementor-widget elementor-widget-text-editor\" data-id=\"460b7570\" data-element_type=\"widget\" data-widget_type=\"text-editor.default\">\n\t\t\t\t<div class=\"elementor-widget-container\">\n\t\t\t\t\t\t\t\t\t<p><a href=\"#story-section\">Histoire<\/a><\/p>\t\t\t\t\t\t\t\t<\/div>\n\t\t\t\t<\/div>\n\t\t\t\t<div class=\"elementor-element elementor-element-523860db elementor-widget elementor-widget-text-editor\" data-id=\"523860db\" data-element_type=\"widget\" data-widget_type=\"text-editor.default\">\n\t\t\t\t<div class=\"elementor-widget-container\">\n\t\t\t\t\t\t\t\t\t<p><a href=\"#philosophy-section\">Philosophie<\/a><\/p>\t\t\t\t\t\t\t\t<\/div>\n\t\t\t\t<\/div>\n\t\t\t\t<div class=\"elementor-element elementor-element-2e09d3f elementor-widget elementor-widget-text-editor\" data-id=\"2e09d3f\" data-element_type=\"widget\" data-widget_type=\"text-editor.default\">\n\t\t\t\t<div class=\"elementor-widget-container\">\n\t\t\t\t\t\t\t\t\t<p><a href=\"#our-people-section\">Notre \u00c9quipe<\/a><\/p>\t\t\t\t\t\t\t\t<\/div>\n\t\t\t\t<\/div>\n\t\t\t\t\t<\/div>\n\t\t\t\t<\/div>\n\t\t\t\t<\/div>\n\t\t<div class=\"elementor-element elementor-element-88081d8 e-flex e-con-boxed e-con e-parent\" data-id=\"88081d8\" data-element_type=\"container\">\n\t\t\t\t\t<div class=\"e-con-inner\">\n\t\t\t\t<div class=\"elementor-element elementor-element-637074d elementor-widget elementor-widget-video\" data-id=\"637074d\" data-element_type=\"widget\" data-settings=\"{&quot;video_type&quot;:&quot;hosted&quot;,&quot;start&quot;:0,&quot;autoplay&quot;:&quot;yes&quot;,&quot;play_on_mobile&quot;:&quot;yes&quot;,&quot;loop&quot;:&quot;yes&quot;,&quot;mute&quot;:&quot;yes&quot;,&quot;controls&quot;:&quot;yes&quot;}\" data-widget_type=\"video.default\">\n\t\t\t\t<div class=\"elementor-widget-container\">\n\t\t\t\t\t\t\t<div class=\"e-hosted-video elementor-wrapper elementor-open-inline\">\n\t\t\t\t\t<video class=\"elementor-video\" src=\"https:\/\/pinocchiotheconcept.com\/wp-content\/uploads\/2025\/06\/About-Us-Video.mp4\" autoplay=\"\" loop=\"\" controls=\"\" muted=\"muted\" playsinline=\"\" controlslist=\"nodownload\"><\/video>\n\t\t\t\t<\/div>\n\t\t\t\t\t\t<\/div>\n\t\t\t\t<\/div>\n\t\t\t\t\t<\/div>\n\t\t\t\t<\/div>\n\t\t<div class=\"elementor-element elementor-element-69374d6 e-flex e-con-boxed e-con e-parent\" data-id=\"69374d6\" data-element_type=\"container\">\n\t\t\t\t\t<div class=\"e-con-inner\">\n\t\t\t\t<div class=\"elementor-element elementor-element-7dd1b0d elementor-widget elementor-widget-spacer\" data-id=\"7dd1b0d\" data-element_type=\"widget\" data-widget_type=\"spacer.default\">\n\t\t\t\t<div class=\"elementor-widget-container\">\n\t\t\t\t\t\t\t<div class=\"elementor-spacer\">\n\t\t\t<div class=\"elementor-spacer-inner\"><\/div>\n\t\t<\/div>\n\t\t\t\t\t\t<\/div>\n\t\t\t\t<\/div>\n\t\t\t\t\t<\/div>\n\t\t\t\t<\/div>\n\t\t<div class=\"elementor-element elementor-element-f4ba539 e-con-full e-flex e-con e-parent\" data-id=\"f4ba539\" data-element_type=\"container\">\n\t\t<div class=\"elementor-element elementor-element-0db8eba e-con-full e-flex e-con e-child\" data-id=\"0db8eba\" data-element_type=\"container\" id=\"story-section\">\n\t\t\t\t<div class=\"elementor-element elementor-element-205484c elementor-widget elementor-widget-image\" data-id=\"205484c\" data-element_type=\"widget\" data-widget_type=\"image.default\">\n\t\t\t\t<div class=\"elementor-widget-container\">\n\t\t\t\t\t\t\t\t\t\t\t\t\t\t\t<img fetchpriority=\"high\" decoding=\"async\" width=\"1592\" height=\"1888\" src=\"https:\/\/pinocchiotheconcept.com\/wp-content\/uploads\/2025\/03\/about-1.png\" class=\"attachment-full size-full wp-image-276\" alt=\"\" srcset=\"https:\/\/pinocchiotheconcept.com\/wp-content\/uploads\/2025\/03\/about-1.png 1592w, https:\/\/pinocchiotheconcept.com\/wp-content\/uploads\/2025\/03\/about-1-253x300.png 253w, https:\/\/pinocchiotheconcept.com\/wp-content\/uploads\/2025\/03\/about-1-863x1024.png 863w, https:\/\/pinocchiotheconcept.com\/wp-content\/uploads\/2025\/03\/about-1-768x911.png 768w, https:\/\/pinocchiotheconcept.com\/wp-content\/uploads\/2025\/03\/about-1-1295x1536.png 1295w\" sizes=\"(max-width: 1592px) 100vw, 1592px\" \/>\t\t\t\t\t\t\t\t\t\t\t\t\t\t\t<\/div>\n\t\t\t\t<\/div>\n\t\t\t\t<div class=\"elementor-element elementor-element-cd00510 elementor-widget elementor-widget-spacer\" data-id=\"cd00510\" data-element_type=\"widget\" data-widget_type=\"spacer.default\">\n\t\t\t\t<div class=\"elementor-widget-container\">\n\t\t\t\t\t\t\t<div class=\"elementor-spacer\">\n\t\t\t<div class=\"elementor-spacer-inner\"><\/div>\n\t\t<\/div>\n\t\t\t\t\t\t<\/div>\n\t\t\t\t<\/div>\n\t\t\t\t<\/div>\n\t\t<div class=\"elementor-element elementor-element-e2aa423 e-con-full e-flex e-con e-child\" data-id=\"e2aa423\" data-element_type=\"container\" id=\"story-section\">\n\t\t\t\t<div class=\"elementor-element elementor-element-f2c9053 elementor-widget elementor-widget-heading\" data-id=\"f2c9053\" data-element_type=\"widget\" data-widget_type=\"heading.default\">\n\t\t\t\t<div class=\"elementor-widget-container\">\n\t\t\t\t\t<h2 class=\"elementor-heading-title elementor-size-default\">UN PEU SUR NOUS<\/h2>\t\t\t\t<\/div>\n\t\t\t\t<\/div>\n\t\t\t\t<div class=\"elementor-element elementor-element-4bb0018 elementor-widget__width-inherit elementor-widget elementor-widget-text-editor\" data-id=\"4bb0018\" data-element_type=\"widget\" data-widget_type=\"text-editor.default\">\n\t\t\t\t<div class=\"elementor-widget-container\">\n\t\t\t\t\t\t\t\t\t<p>Depuis 2013, nous cr\u00e9ons la magie de la v\u00e9ritable pizza et du gelato italiens. Depuis plus de dix ans,\nnous perfectionnons nos recettes maison en apportant les meilleurs ingr\u00e9dients et saveurs d\u2019Italie au\nc\u0153ur de l\u2019Afrique de l\u2019Ouest et centrale.<\/p><p>Notre passion pour la tradition rencontre notre engagement envers l\u2019excellence, pour offrir une\nexp\u00e9rience culinaire inoubliable, une pizza et un gelato faits main \u00e0 la fois.<\/p>\t\t\t\t\t\t\t\t<\/div>\n\t\t\t\t<\/div>\n\t\t\t\t<\/div>\n\t\t<div class=\"elementor-element elementor-element-f4fd912 e-con-full e-flex e-con e-child\" data-id=\"f4fd912\" data-element_type=\"container\" id=\"philosophy-section\">\n\t\t\t\t<div class=\"elementor-element elementor-element-b4db6be elementor-widget elementor-widget-heading\" data-id=\"b4db6be\" data-element_type=\"widget\" data-widget_type=\"heading.default\">\n\t\t\t\t<div class=\"elementor-widget-container\">\n\t\t\t\t\t<h2 class=\"elementor-heading-title elementor-size-default\">RELIONS LES GENS ET LA COMMUNAUT\u00c9<\/h2>\t\t\t\t<\/div>\n\t\t\t\t<\/div>\n\t\t\t\t<div class=\"elementor-element elementor-element-ff8caf7 elementor-widget__width-inherit elementor-widget elementor-widget-text-editor\" data-id=\"ff8caf7\" data-element_type=\"widget\" data-widget_type=\"text-editor.default\">\n\t\t\t\t<div class=\"elementor-widget-container\">\n\t\t\t\t\t\t\t\t\t<p>Depuis nos d\u00e9buts modestes \u00e0 Osu, Pinocchio est devenu bien plus qu\u2019un simple lieu de pizza et de\ngelato : c\u2019est une partie int\u00e9grante de la communaut\u00e9 d\u2019Accra, un deuxi\u00e8me chez-soi o\u00f9 amis et\nfamilles se r\u00e9unissent pour cr\u00e9er des souvenirs durables.<br \/><br \/><\/p><p>Chaque gourmandise que nous pr\u00e9parons allie les meilleurs ingr\u00e9dients locaux et import\u00e9s, sans\naucun compromis sur la qualit\u00e9 ou l\u2019exp\u00e9rience. Alors que nous entamons notre aventure\ninternationale, nous vous invitons \u00e0 c\u00e9l\u00e9brer avec nous \u2014 premi\u00e8re escale : la C\u00f4te d\u2019Ivoire!<\/p>\t\t\t\t\t\t\t\t<\/div>\n\t\t\t\t<\/div>\n\t\t\t\t<\/div>\n\t\t<div class=\"elementor-element elementor-element-e686e3d e-con-full e-flex e-con e-child\" data-id=\"e686e3d\" data-element_type=\"container\" id=\"philosophy-section\">\n\t\t\t\t<div class=\"elementor-element elementor-element-74c8cf8 elementor-widget elementor-widget-image\" data-id=\"74c8cf8\" data-element_type=\"widget\" data-widget_type=\"image.default\">\n\t\t\t\t<div class=\"elementor-widget-container\">\n\t\t\t\t\t\t\t\t\t\t\t\t\t\t\t<img decoding=\"async\" width=\"768\" height=\"911\" src=\"https:\/\/pinocchiotheconcept.com\/wp-content\/uploads\/2025\/03\/about-2-768x911.png\" class=\"attachment-medium_large size-medium_large wp-image-301\" alt=\"\" srcset=\"https:\/\/pinocchiotheconcept.com\/wp-content\/uploads\/2025\/03\/about-2-768x911.png 768w, https:\/\/pinocchiotheconcept.com\/wp-content\/uploads\/2025\/03\/about-2-253x300.png 253w, https:\/\/pinocchiotheconcept.com\/wp-content\/uploads\/2025\/03\/about-2-863x1024.png 863w, https:\/\/pinocchiotheconcept.com\/wp-content\/uploads\/2025\/03\/about-2-1295x1536.png 1295w, https:\/\/pinocchiotheconcept.com\/wp-content\/uploads\/2025\/03\/about-2.png 1592w\" sizes=\"(max-width: 768px) 100vw, 768px\" \/>\t\t\t\t\t\t\t\t\t\t\t\t\t\t\t<\/div>\n\t\t\t\t<\/div>\n\t\t\t\t<div class=\"elementor-element elementor-element-9030ccb elementor-widget elementor-widget-spacer\" data-id=\"9030ccb\" data-element_type=\"widget\" data-widget_type=\"spacer.default\">\n\t\t\t\t<div class=\"elementor-widget-container\">\n\t\t\t\t\t\t\t<div class=\"elementor-spacer\">\n\t\t\t<div class=\"elementor-spacer-inner\"><\/div>\n\t\t<\/div>\n\t\t\t\t\t\t<\/div>\n\t\t\t\t<\/div>\n\t\t\t\t<\/div>\n\t\t<div class=\"elementor-element elementor-element-67848f6 e-con-full e-flex e-con e-child\" data-id=\"67848f6\" data-element_type=\"container\" id=\"our-people-section\">\n\t\t\t\t<div class=\"elementor-element elementor-element-40e8e13 elementor-widget elementor-widget-image\" data-id=\"40e8e13\" data-element_type=\"widget\" data-widget_type=\"image.default\">\n\t\t\t\t<div class=\"elementor-widget-container\">\n\t\t\t\t\t\t\t\t\t\t\t\t\t\t\t<img decoding=\"async\" width=\"768\" height=\"911\" src=\"https:\/\/pinocchiotheconcept.com\/wp-content\/uploads\/2025\/03\/about-3-768x911.png\" class=\"attachment-medium_large size-medium_large wp-image-302\" alt=\"\" srcset=\"https:\/\/pinocchiotheconcept.com\/wp-content\/uploads\/2025\/03\/about-3-768x911.png 768w, https:\/\/pinocchiotheconcept.com\/wp-content\/uploads\/2025\/03\/about-3-253x300.png 253w, https:\/\/pinocchiotheconcept.com\/wp-content\/uploads\/2025\/03\/about-3-863x1024.png 863w, https:\/\/pinocchiotheconcept.com\/wp-content\/uploads\/2025\/03\/about-3-1295x1536.png 1295w, https:\/\/pinocchiotheconcept.com\/wp-content\/uploads\/2025\/03\/about-3.png 1592w\" sizes=\"(max-width: 768px) 100vw, 768px\" \/>\t\t\t\t\t\t\t\t\t\t\t\t\t\t\t<\/div>\n\t\t\t\t<\/div>\n\t\t\t\t<\/div>\n\t\t<div class=\"elementor-element elementor-element-be1b5e3 e-con-full e-flex e-con e-child\" data-id=\"be1b5e3\" data-element_type=\"container\" id=\"our-people-section\">\n\t\t\t\t<div class=\"elementor-element elementor-element-5798a41 elementor-widget elementor-widget-heading\" data-id=\"5798a41\" data-element_type=\"widget\" data-widget_type=\"heading.default\">\n\t\t\t\t<div class=\"elementor-widget-container\">\n\t\t\t\t\t<h2 class=\"elementor-heading-title elementor-size-default\">LES GENS DE PINOCCHIO<\/h2>\t\t\t\t<\/div>\n\t\t\t\t<\/div>\n\t\t\t\t<div class=\"elementor-element elementor-element-575ed97 elementor-widget__width-inherit elementor-widget elementor-widget-text-editor\" data-id=\"575ed97\" data-element_type=\"widget\" data-widget_type=\"text-editor.default\">\n\t\t\t\t<div class=\"elementor-widget-container\">\n\t\t\t\t\t\t\t\t\t<p>Notre \u00e9quipe n\u2019est pas simplement compos\u00e9e de chefs talentueux et de personnel comp\u00e9tent \u2014 ce\nsont de v\u00e9ritables ing\u00e9nieurs et connaisseurs de l\u2019art ( remove de l\u2019 and keep connaisseurs d\u2019art\u201d) et\nde la science de la pizza et du gelato. <br \/><br \/>Nombreux sont ceux, en salle comme en cuisine, qui nous accompagnent depuis des ann\u00e9es,\napportant passion, d\u00e9vouement et une compr\u00e9hension profonde de ce qui rend Pinocchio si unique.<\/p>\t\t\t\t\t\t\t\t<\/div>\n\t\t\t\t<\/div>\n\t\t\t\t<\/div>\n\t\t\t\t<\/div>\n\t\t<div class=\"elementor-element elementor-element-fe65175 e-flex e-con-boxed e-con e-parent\" data-id=\"fe65175\" data-element_type=\"container\">\n\t\t\t\t\t<div class=\"e-con-inner\">\n\t\t\t\t<div class=\"elementor-element elementor-element-771d080 elementor-widget elementor-widget-spacer\" data-id=\"771d080\" data-element_type=\"widget\" data-widget_type=\"spacer.default\">\n\t\t\t\t<div class=\"elementor-widget-container\">\n\t\t\t\t\t\t\t<div class=\"elementor-spacer\">\n\t\t\t<div class=\"elementor-spacer-inner\"><\/div>\n\t\t<\/div>\n\t\t\t\t\t\t<\/div>\n\t\t\t\t<\/div>\n\t\t\t\t\t<\/div>\n\t\t\t\t<\/div>\n\t\t<div class=\"elementor-element elementor-element-a2c33c7 e-con-full e-flex e-con e-parent\" data-id=\"a2c33c7\" data-element_type=\"container\" data-settings=\"{&quot;background_background&quot;:&quot;classic&quot;}\">\n\t\t\t\t<div class=\"elementor-element elementor-element-fa5d310 elementor-widget-mobile__width-inherit elementor-widget elementor-widget-heading\" data-id=\"fa5d310\" data-element_type=\"widget\" data-widget_type=\"heading.default\">\n\t\t\t\t<div class=\"elementor-widget-container\">\n\t\t\t\t\t<h2 class=\"elementor-heading-title elementor-size-default\">NOTRE MISSION EST DE VOUS OFFRIR UNE EXP\u00c9RIENCE CULINAIRE\nINOUBLIABLE EN VOUS SERVANT CERTAINS DES MEILLEURS PLATS ITALIENS\nDE LA VILLE.<\/h2>\t\t\t\t<\/div>\n\t\t\t\t<\/div>\n\t\t\t\t<\/div>\n\t\t<div class=\"elementor-element elementor-element-46d109d e-flex e-con-boxed e-con e-parent\" data-id=\"46d109d\" data-element_type=\"container\">\n\t\t\t\t\t<div class=\"e-con-inner\">\n\t\t\t\t<div class=\"elementor-element elementor-element-06182fc elementor-widget elementor-widget-spacer\" data-id=\"06182fc\" data-element_type=\"widget\" data-widget_type=\"spacer.default\">\n\t\t\t\t<div class=\"elementor-widget-container\">\n\t\t\t\t\t\t\t<div class=\"elementor-spacer\">\n\t\t\t<div class=\"elementor-spacer-inner\"><\/div>\n\t\t<\/div>\n\t\t\t\t\t\t<\/div>\n\t\t\t\t<\/div>\n\t\t\t\t\t<\/div>\n\t\t\t\t<\/div>\n\t\t\t\t<\/div>","protected":false},"excerpt":{"rendered":"<p>Story Philosophy Our People https:\/\/pinocchiotheconcept.com\/wp-content\/uploads\/2025\/06\/About-Us-Video.mp4 A LITTLE ABOUT US Since 2013, we&#8217;ve been crafting the magic of authentic Italian pizza and gelato. For over a decade, we&#8217;ve perfected our homemade recipes, bringing the finest Italian ingredients and flavors to the heart of West and Central Africa. Our passion for tradition meets our commitment to excellence, [&hellip;]<\/p>","protected":false},"author":1,"featured_media":0,"parent":0,"menu_order":0,"comment_status":"closed","ping_status":"closed","template":"","meta":{"footnotes":""},"class_list":["post-263","page","type-page","status-publish","hentry"],"_links":{"self":[{"href":"https:\/\/pinocchiotheconcept.com\/fr\/wp-json\/wp\/v2\/pages\/263","targetHints":{"allow":["GET"]}}],"collection":[{"href":"https:\/\/pinocchiotheconcept.com\/fr\/wp-json\/wp\/v2\/pages"}],"about":[{"href":"https:\/\/pinocchiotheconcept.com\/fr\/wp-json\/wp\/v2\/types\/page"}],"author":[{"embeddable":true,"href":"https:\/\/pinocchiotheconcept.com\/fr\/wp-json\/wp\/v2\/users\/1"}],"replies":[{"embeddable":true,"href":"https:\/\/pinocchiotheconcept.com\/fr\/wp-json\/wp\/v2\/comments?post=263"}],"version-history":[{"count":282,"href":"https:\/\/pinocchiotheconcept.com\/fr\/wp-json\/wp\/v2\/pages\/263\/revisions"}],"predecessor-version":[{"id":3083,"href":"https:\/\/pinocchiotheconcept.com\/fr\/wp-json\/wp\/v2\/pages\/263\/revisions\/3083"}],"wp:attachment":[{"href":"https:\/\/pinocchiotheconcept.com\/fr\/wp-json\/wp\/v2\/media?parent=263"}],"curies":[{"name":"wp","href":"https:\/\/api.w.org\/{rel}","templated":true}]}}