{"id":391,"date":"2025-03-27T22:01:17","date_gmt":"2025-03-27T22:01:17","guid":{"rendered":"http:\/\/35.159.20.47\/?page_id=391"},"modified":"2025-06-12T14:33:57","modified_gmt":"2025-06-12T14:33:57","slug":"events","status":"publish","type":"page","link":"https:\/\/pinocchiotheconcept.com\/fr\/events\/","title":{"rendered":"\u00c9v\u00e9nements"},"content":{"rendered":"<div data-elementor-type=\"wp-page\" data-elementor-id=\"391\" class=\"elementor elementor-391\" data-elementor-post-type=\"page\">\n\t\t\t\t<div class=\"elementor-element elementor-element-621bd05d e-con-full e-flex e-con e-parent\" data-id=\"621bd05d\" data-element_type=\"container\" data-settings=\"{&quot;background_background&quot;:&quot;classic&quot;}\">\n\t\t<div class=\"elementor-element elementor-element-20b771d0 e-flex e-con-boxed e-con e-child\" data-id=\"20b771d0\" data-element_type=\"container\">\n\t\t\t\t\t<div class=\"e-con-inner\">\n\t\t\t\t<div class=\"elementor-element elementor-element-6e154338 elementor-widget elementor-widget-text-editor\" data-id=\"6e154338\" data-element_type=\"widget\" data-widget_type=\"text-editor.default\">\n\t\t\t\t<div class=\"elementor-widget-container\">\n\t\t\t\t\t\t\t\t\t<p><a href=\"#spaces-section\">Espaces<\/a><\/p>\t\t\t\t\t\t\t\t<\/div>\n\t\t\t\t<\/div>\n\t\t\t\t<div class=\"elementor-element elementor-element-1e24ec74 elementor-widget elementor-widget-text-editor\" data-id=\"1e24ec74\" data-element_type=\"widget\" data-widget_type=\"text-editor.default\">\n\t\t\t\t<div class=\"elementor-widget-container\">\n\t\t\t\t\t\t\t\t\t<p><a href=\"#what's-on-section\">Actualit\u00e9s<\/a><\/p>\t\t\t\t\t\t\t\t<\/div>\n\t\t\t\t<\/div>\n\t\t\t\t<div class=\"elementor-element elementor-element-5aa3ee9d elementor-widget elementor-widget-text-editor\" data-id=\"5aa3ee9d\" data-element_type=\"widget\" data-widget_type=\"text-editor.default\">\n\t\t\t\t<div class=\"elementor-widget-container\">\n\t\t\t\t\t\t\t\t\t<p><a href=\"#other-enquiries-section\">Autres demandes<\/a><\/p>\t\t\t\t\t\t\t\t<\/div>\n\t\t\t\t<\/div>\n\t\t\t\t\t<\/div>\n\t\t\t\t<\/div>\n\t\t\t\t<\/div>\n\t\t<div class=\"elementor-element elementor-element-773fbf1 e-flex e-con-boxed e-con e-parent\" data-id=\"773fbf1\" data-element_type=\"container\">\n\t\t\t\t\t<div class=\"e-con-inner\">\n\t\t\t\t<div class=\"elementor-element elementor-element-d2fe2de elementor-widget elementor-widget-image\" data-id=\"d2fe2de\" data-element_type=\"widget\" data-widget_type=\"image.default\">\n\t\t\t\t<div class=\"elementor-widget-container\">\n\t\t\t\t\t\t\t\t\t\t\t\t\t\t\t<img fetchpriority=\"high\" decoding=\"async\" width=\"4320\" height=\"2428\" src=\"https:\/\/pinocchiotheconcept.com\/wp-content\/uploads\/2025\/06\/events-hero-2.png\" class=\"attachment-full size-full wp-image-2731\" alt=\"\" srcset=\"https:\/\/pinocchiotheconcept.com\/wp-content\/uploads\/2025\/06\/events-hero-2.png 4320w, https:\/\/pinocchiotheconcept.com\/wp-content\/uploads\/2025\/06\/events-hero-2-300x169.png 300w, https:\/\/pinocchiotheconcept.com\/wp-content\/uploads\/2025\/06\/events-hero-2-1024x576.png 1024w, https:\/\/pinocchiotheconcept.com\/wp-content\/uploads\/2025\/06\/events-hero-2-768x432.png 768w, https:\/\/pinocchiotheconcept.com\/wp-content\/uploads\/2025\/06\/events-hero-2-1536x863.png 1536w, https:\/\/pinocchiotheconcept.com\/wp-content\/uploads\/2025\/06\/events-hero-2-2048x1151.png 2048w, https:\/\/pinocchiotheconcept.com\/wp-content\/uploads\/2025\/06\/events-hero-2-450x253.png 450w\" sizes=\"(max-width: 4320px) 100vw, 4320px\" \/>\t\t\t\t\t\t\t\t\t\t\t\t\t\t\t<\/div>\n\t\t\t\t<\/div>\n\t\t\t\t\t<\/div>\n\t\t\t\t<\/div>\n\t\t<div class=\"elementor-element elementor-element-b853e7c e-flex e-con-boxed e-con e-parent\" data-id=\"b853e7c\" data-element_type=\"container\">\n\t\t\t\t\t<div class=\"e-con-inner\">\n\t\t\t\t<div class=\"elementor-element elementor-element-8c4572a elementor-widget elementor-widget-spacer\" data-id=\"8c4572a\" data-element_type=\"widget\" data-widget_type=\"spacer.default\">\n\t\t\t\t<div class=\"elementor-widget-container\">\n\t\t\t\t\t\t\t<div class=\"elementor-spacer\">\n\t\t\t<div class=\"elementor-spacer-inner\"><\/div>\n\t\t<\/div>\n\t\t\t\t\t\t<\/div>\n\t\t\t\t<\/div>\n\t\t\t\t\t<\/div>\n\t\t\t\t<\/div>\n\t\t<div class=\"elementor-element elementor-element-71a5940 e-flex e-con-boxed e-con e-parent\" data-id=\"71a5940\" data-element_type=\"container\" id=\"spaces-section\">\n\t\t\t\t\t<div class=\"e-con-inner\">\n\t\t<div class=\"elementor-element elementor-element-7a27764 e-con-full e-flex e-con e-child\" data-id=\"7a27764\" data-element_type=\"container\">\n\t\t\t\t<div class=\"elementor-element elementor-element-1dedd9c elementor-widget elementor-widget-text-editor\" data-id=\"1dedd9c\" data-element_type=\"widget\" data-widget_type=\"text-editor.default\">\n\t\t\t\t<div class=\"elementor-widget-container\">\n\t\t\t\t\t\t\t\t\t<p>Vivez une exp\u00e9rience italienne unique au coeur d\u2019Accra gr\u00e2ce \u00e0 nos services de restauration priv\u00e9e. Savourez des pizzas artisanales et un gelato d\u00e9cadent, servis avec la chaleur de l\u2019accueil ghan\u00e9en. Pour rendre votre c\u00e9l\u00e9bration inoubliable, notre \u00e9quipe d\u00e9di\u00e9e aux \u00e9v\u00e9nements vous accompagne dans chaque d\u00e9tail, de la s\u00e9lection musicale aux compositions florales sur mesure, jusqu\u2019\u00e0 la\nd\u00e9coration raffin\u00e9e de votre table, afin de personnaliser parfaitement votre \u00e9v\u00e9nement.<\/p>\t\t\t\t\t\t\t\t<\/div>\n\t\t\t\t<\/div>\n\t\t\t\t<\/div>\n\t\t<div class=\"elementor-element elementor-element-2ebeea8 e-con-full e-flex e-con e-child\" data-id=\"2ebeea8\" data-element_type=\"container\">\n\t\t\t\t<div class=\"elementor-element elementor-element-86dafec elementor-widget elementor-widget-button\" data-id=\"86dafec\" data-element_type=\"widget\" data-widget_type=\"button.default\">\n\t\t\t\t<div class=\"elementor-widget-container\">\n\t\t\t\t\t\t\t\t\t<div class=\"elementor-button-wrapper\">\n\t\t\t\t\t<a class=\"elementor-button elementor-button-link elementor-size-sm\" href=\"https:\/\/pinocchiotheconcept.com\/fr\/contact\/\">\n\t\t\t\t\t\t<span class=\"elementor-button-content-wrapper\">\n\t\t\t\t\t\t\t\t\t<span class=\"elementor-button-text\">R\u00c9SERVEZ<\/span>\n\t\t\t\t\t<\/span>\n\t\t\t\t\t<\/a>\n\t\t\t\t<\/div>\n\t\t\t\t\t\t\t\t<\/div>\n\t\t\t\t<\/div>\n\t\t\t\t<\/div>\n\t\t\t\t\t<\/div>\n\t\t\t\t<\/div>\n\t\t<div class=\"elementor-element elementor-element-f9a78d5 e-flex e-con-boxed e-con e-parent\" data-id=\"f9a78d5\" data-element_type=\"container\">\n\t\t\t\t\t<div class=\"e-con-inner\">\n\t\t\t\t<div class=\"elementor-element elementor-element-246b8c7 elementor-widget elementor-widget-spacer\" data-id=\"246b8c7\" data-element_type=\"widget\" data-widget_type=\"spacer.default\">\n\t\t\t\t<div class=\"elementor-widget-container\">\n\t\t\t\t\t\t\t<div class=\"elementor-spacer\">\n\t\t\t<div class=\"elementor-spacer-inner\"><\/div>\n\t\t<\/div>\n\t\t\t\t\t\t<\/div>\n\t\t\t\t<\/div>\n\t\t\t\t\t<\/div>\n\t\t\t\t<\/div>\n\t\t<div class=\"elementor-element elementor-element-4e873fc4 e-con-full e-flex e-con e-parent\" data-id=\"4e873fc4\" data-element_type=\"container\" data-settings=\"{&quot;background_background&quot;:&quot;classic&quot;}\">\n\t\t\t\t<div class=\"elementor-element elementor-element-dd1ba99 elementor-widget-mobile__width-inherit elementor-widget elementor-widget-heading\" data-id=\"dd1ba99\" data-element_type=\"widget\" data-widget_type=\"heading.default\">\n\t\t\t\t<div class=\"elementor-widget-container\">\n\t\t\t\t\t<p class=\"elementor-heading-title elementor-size-default\">Inspir\u00e9 par la magie de l\u2019Italie, con\u00e7u au <br>coeur de l\u2019Afrique de l\u2019Ouest.<\/p>\t\t\t\t<\/div>\n\t\t\t\t<\/div>\n\t\t\t\t<\/div>\n\t\t<div class=\"elementor-element elementor-element-6b3e6d0 e-flex e-con-boxed e-con e-parent\" data-id=\"6b3e6d0\" data-element_type=\"container\">\n\t\t\t\t\t<div class=\"e-con-inner\">\n\t\t\t\t<div class=\"elementor-element elementor-element-562152b elementor-widget elementor-widget-spacer\" data-id=\"562152b\" data-element_type=\"widget\" data-widget_type=\"spacer.default\">\n\t\t\t\t<div class=\"elementor-widget-container\">\n\t\t\t\t\t\t\t<div class=\"elementor-spacer\">\n\t\t\t<div class=\"elementor-spacer-inner\"><\/div>\n\t\t<\/div>\n\t\t\t\t\t\t<\/div>\n\t\t\t\t<\/div>\n\t\t\t\t\t<\/div>\n\t\t\t\t<\/div>\n\t\t<div class=\"elementor-element elementor-element-ad646 e-con-full e-flex e-con e-parent\" data-id=\"ad646\" data-element_type=\"container\" id=\"what&#039;s-on-section\">\n\t\t\t\t<div class=\"elementor-element elementor-element-37cf8782 elementor-widget elementor-widget-heading\" data-id=\"37cf8782\" data-element_type=\"widget\" data-widget_type=\"heading.default\">\n\t\t\t\t<div class=\"elementor-widget-container\">\n\t\t\t\t\t<h2 class=\"elementor-heading-title elementor-size-default\">ACTUALIT\u00c9S<\/h2>\t\t\t\t<\/div>\n\t\t\t\t<\/div>\n\t\t\t\t<\/div>\n\t\t<div class=\"elementor-element elementor-element-5185e2ce e-con-full e-flex e-con e-parent\" data-id=\"5185e2ce\" data-element_type=\"container\">\n\t\t<div class=\"elementor-element elementor-element-7af584d6 e-con-full e-flex e-con e-child\" data-id=\"7af584d6\" data-element_type=\"container\">\n\t\t\t\t<div class=\"elementor-element elementor-element-3029e339 elementor-widget elementor-widget-image\" data-id=\"3029e339\" data-element_type=\"widget\" data-widget_type=\"image.default\">\n\t\t\t\t<div class=\"elementor-widget-container\">\n\t\t\t\t\t\t\t\t\t\t\t\t\t\t\t<img decoding=\"async\" width=\"1200\" height=\"1800\" src=\"https:\/\/pinocchiotheconcept.com\/wp-content\/uploads\/2025\/03\/whats-on-1-1.png\" class=\"attachment-2048x2048 size-2048x2048 wp-image-417\" alt=\"\" srcset=\"https:\/\/pinocchiotheconcept.com\/wp-content\/uploads\/2025\/03\/whats-on-1-1.png 1200w, https:\/\/pinocchiotheconcept.com\/wp-content\/uploads\/2025\/03\/whats-on-1-1-200x300.png 200w, https:\/\/pinocchiotheconcept.com\/wp-content\/uploads\/2025\/03\/whats-on-1-1-683x1024.png 683w, https:\/\/pinocchiotheconcept.com\/wp-content\/uploads\/2025\/03\/whats-on-1-1-768x1152.png 768w, https:\/\/pinocchiotheconcept.com\/wp-content\/uploads\/2025\/03\/whats-on-1-1-1024x1536.png 1024w\" sizes=\"(max-width: 1200px) 100vw, 1200px\" \/>\t\t\t\t\t\t\t\t\t\t\t\t\t\t\t<\/div>\n\t\t\t\t<\/div>\n\t\t\t\t<div class=\"elementor-element elementor-element-27b1e3e6 elementor-widget elementor-widget-heading\" data-id=\"27b1e3e6\" data-element_type=\"widget\" data-widget_type=\"heading.default\">\n\t\t\t\t<div class=\"elementor-widget-container\">\n\t\t\t\t\t<h1 class=\"elementor-heading-title elementor-size-default\">RENCONTREZ NOTRE MA\u00ceTRE GLACIER<\/h1>\t\t\t\t<\/div>\n\t\t\t\t<\/div>\n\t\t\t\t<div class=\"elementor-element elementor-element-1c67bf0b elementor-widget__width-inherit elementor-widget elementor-widget-text-editor\" data-id=\"1c67bf0b\" data-element_type=\"widget\" data-widget_type=\"text-editor.default\">\n\t\t\t\t<div class=\"elementor-widget-container\">\n\t\t\t\t\t\t\t\t\t<p>Rencontrez notre Ma\u00eetre Glacier, Filippo Guarnieri ! Voyez-le cr\u00e9er de la magie dans nos\nlaboratoires de glace.<\/p>\t\t\t\t\t\t\t\t<\/div>\n\t\t\t\t<\/div>\n\t\t\t\t<\/div>\n\t\t<div class=\"elementor-element elementor-element-0b335c4 e-con-full e-flex e-con e-child\" data-id=\"0b335c4\" data-element_type=\"container\">\n\t\t\t\t<div class=\"elementor-element elementor-element-a7f958b elementor-widget elementor-widget-image\" data-id=\"a7f958b\" data-element_type=\"widget\" data-widget_type=\"image.default\">\n\t\t\t\t<div class=\"elementor-widget-container\">\n\t\t\t\t\t\t\t\t\t\t\t\t\t\t\t<img decoding=\"async\" width=\"1200\" height=\"1800\" src=\"https:\/\/pinocchiotheconcept.com\/wp-content\/uploads\/2025\/03\/whats-on-2-1.png\" class=\"attachment-2048x2048 size-2048x2048 wp-image-418\" alt=\"\" srcset=\"https:\/\/pinocchiotheconcept.com\/wp-content\/uploads\/2025\/03\/whats-on-2-1.png 1200w, https:\/\/pinocchiotheconcept.com\/wp-content\/uploads\/2025\/03\/whats-on-2-1-200x300.png 200w, https:\/\/pinocchiotheconcept.com\/wp-content\/uploads\/2025\/03\/whats-on-2-1-683x1024.png 683w, https:\/\/pinocchiotheconcept.com\/wp-content\/uploads\/2025\/03\/whats-on-2-1-768x1152.png 768w, https:\/\/pinocchiotheconcept.com\/wp-content\/uploads\/2025\/03\/whats-on-2-1-1024x1536.png 1024w\" sizes=\"(max-width: 1200px) 100vw, 1200px\" \/>\t\t\t\t\t\t\t\t\t\t\t\t\t\t\t<\/div>\n\t\t\t\t<\/div>\n\t\t\t\t<div class=\"elementor-element elementor-element-54ed0df elementor-widget elementor-widget-heading\" data-id=\"54ed0df\" data-element_type=\"widget\" data-widget_type=\"heading.default\">\n\t\t\t\t<div class=\"elementor-widget-container\">\n\t\t\t\t\t<h1 class=\"elementor-heading-title elementor-size-default\">Lancement des popsicles<br><\/h1>\t\t\t\t<\/div>\n\t\t\t\t<\/div>\n\t\t\t\t<div class=\"elementor-element elementor-element-7fe91f1 elementor-widget__width-inherit elementor-widget elementor-widget-text-editor\" data-id=\"7fe91f1\" data-element_type=\"widget\" data-widget_type=\"text-editor.default\">\n\t\t\t\t<div class=\"elementor-widget-container\">\n\t\t\t\t\t\t\t\t\t<p>Nos popsicles de la Saint-Valentin ont fait fondre bien des coeurs\u2026 elles m\u00e9ritaient\nbien une place permanente.\u201d<\/p>\t\t\t\t\t\t\t\t<\/div>\n\t\t\t\t<\/div>\n\t\t\t\t<\/div>\n\t\t<div class=\"elementor-element elementor-element-9fd35c9 e-con-full e-flex e-con e-child\" data-id=\"9fd35c9\" data-element_type=\"container\">\n\t\t\t\t<div class=\"elementor-element elementor-element-5b5c56d elementor-widget elementor-widget-image\" data-id=\"5b5c56d\" data-element_type=\"widget\" data-widget_type=\"image.default\">\n\t\t\t\t<div class=\"elementor-widget-container\">\n\t\t\t\t\t\t\t\t\t\t\t\t\t\t\t<img loading=\"lazy\" decoding=\"async\" width=\"1200\" height=\"1800\" src=\"https:\/\/pinocchiotheconcept.com\/wp-content\/uploads\/2025\/03\/whats-on-3-1.png\" class=\"attachment-2048x2048 size-2048x2048 wp-image-419\" alt=\"\" srcset=\"https:\/\/pinocchiotheconcept.com\/wp-content\/uploads\/2025\/03\/whats-on-3-1.png 1200w, https:\/\/pinocchiotheconcept.com\/wp-content\/uploads\/2025\/03\/whats-on-3-1-200x300.png 200w, https:\/\/pinocchiotheconcept.com\/wp-content\/uploads\/2025\/03\/whats-on-3-1-683x1024.png 683w, https:\/\/pinocchiotheconcept.com\/wp-content\/uploads\/2025\/03\/whats-on-3-1-768x1152.png 768w, https:\/\/pinocchiotheconcept.com\/wp-content\/uploads\/2025\/03\/whats-on-3-1-1024x1536.png 1024w\" sizes=\"(max-width: 1200px) 100vw, 1200px\" \/>\t\t\t\t\t\t\t\t\t\t\t\t\t\t\t<\/div>\n\t\t\t\t<\/div>\n\t\t\t\t<div class=\"elementor-element elementor-element-4e821d1 elementor-widget elementor-widget-heading\" data-id=\"4e821d1\" data-element_type=\"widget\" data-widget_type=\"heading.default\">\n\t\t\t\t<div class=\"elementor-widget-container\">\n\t\t\t\t\t<h1 class=\"elementor-heading-title elementor-size-default\">PINOCCHIO R\u00c9IMAGIN\u00c9<\/h1>\t\t\t\t<\/div>\n\t\t\t\t<\/div>\n\t\t\t\t<div class=\"elementor-element elementor-element-aa547f7 elementor-widget__width-inherit elementor-widget elementor-widget-text-editor\" data-id=\"aa547f7\" data-element_type=\"widget\" data-widget_type=\"text-editor.default\">\n\t\t\t\t<div class=\"elementor-widget-container\">\n\t\t\t\t\t\t\t\t\t<p>Pinocchio se r\u00e9invente ! Passez nous voir \u00e0 Osu, Accra, pour un tout nouveau look et\nune explosion de saveurs italiennes.<\/p>\t\t\t\t\t\t\t\t<\/div>\n\t\t\t\t<\/div>\n\t\t\t\t<\/div>\n\t\t\t\t<\/div>\n\t\t<div class=\"elementor-element elementor-element-c1549f2 e-flex e-con-boxed e-con e-parent\" data-id=\"c1549f2\" data-element_type=\"container\">\n\t\t\t\t\t<div class=\"e-con-inner\">\n\t\t\t\t<div class=\"elementor-element elementor-element-2bef948 elementor-widget elementor-widget-spacer\" data-id=\"2bef948\" data-element_type=\"widget\" data-widget_type=\"spacer.default\">\n\t\t\t\t<div class=\"elementor-widget-container\">\n\t\t\t\t\t\t\t<div class=\"elementor-spacer\">\n\t\t\t<div class=\"elementor-spacer-inner\"><\/div>\n\t\t<\/div>\n\t\t\t\t\t\t<\/div>\n\t\t\t\t<\/div>\n\t\t\t\t\t<\/div>\n\t\t\t\t<\/div>\n\t\t<div class=\"elementor-element elementor-element-1da8422 e-con-full e-flex e-con e-parent\" data-id=\"1da8422\" data-element_type=\"container\" id=\"other-enquiries-section\">\n\t\t\t\t<div class=\"elementor-element elementor-element-93758fa elementor-widget elementor-widget-heading\" data-id=\"93758fa\" data-element_type=\"widget\" data-widget_type=\"heading.default\">\n\t\t\t\t<div class=\"elementor-widget-container\">\n\t\t\t\t\t<h2 class=\"elementor-heading-title elementor-size-default\">Autres demandes<\/h2>\t\t\t\t<\/div>\n\t\t\t\t<\/div>\n\t\t\t\t<\/div>\n\t\t<div class=\"elementor-element elementor-element-c64b0fd e-flex e-con-boxed e-con e-parent\" data-id=\"c64b0fd\" data-element_type=\"container\">\n\t\t\t\t\t<div class=\"e-con-inner\">\n\t\t\t\t<div class=\"elementor-element elementor-element-508670d elementor-widget elementor-widget-text-editor\" data-id=\"508670d\" data-element_type=\"widget\" data-widget_type=\"text-editor.default\">\n\t\t\t\t<div class=\"elementor-widget-container\">\n\t\t\t\t\t\t\t\t\t<p>Pour toute demande suppl\u00e9mentaire, n\u2019h\u00e9sitez pas \u00e0 nous contacter \u00e0 <span style=\"text-decoration: underline;\"><a href=\"mailto:pinocchiotheconcept@gmail.com\">pinocchiotheconcept@gmail.com.<\/a><\/span><\/p>\t\t\t\t\t\t\t\t<\/div>\n\t\t\t\t<\/div>\n\t\t\t\t\t<\/div>\n\t\t\t\t<\/div>\n\t\t<div class=\"elementor-element elementor-element-403bd26 e-flex e-con-boxed e-con e-parent\" data-id=\"403bd26\" data-element_type=\"container\">\n\t\t\t\t\t<div class=\"e-con-inner\">\n\t\t\t\t<div class=\"elementor-element elementor-element-e0be0ef elementor-widget elementor-widget-spacer\" data-id=\"e0be0ef\" data-element_type=\"widget\" data-widget_type=\"spacer.default\">\n\t\t\t\t<div class=\"elementor-widget-container\">\n\t\t\t\t\t\t\t<div class=\"elementor-spacer\">\n\t\t\t<div class=\"elementor-spacer-inner\"><\/div>\n\t\t<\/div>\n\t\t\t\t\t\t<\/div>\n\t\t\t\t<\/div>\n\t\t\t\t\t<\/div>\n\t\t\t\t<\/div>\n\t\t\t\t<\/div>","protected":false},"excerpt":{"rendered":"<p>Spaces What&#8217;s On Other Enquiries Experience a taste of Italy exclusively in the heart of Accra through our private dining services.\u00a0 Savor handcrafted pizzas and decadent gelato, all served with a warm Ghanaian welcome. To ensure your celebration is unforgettable, our dedicated events team is here to assist with every detail, from music selection and [&hellip;]<\/p>","protected":false},"author":1,"featured_media":0,"parent":0,"menu_order":0,"comment_status":"closed","ping_status":"closed","template":"","meta":{"footnotes":""},"class_list":["post-391","page","type-page","status-publish","hentry"],"_links":{"self":[{"href":"https:\/\/pinocchiotheconcept.com\/fr\/wp-json\/wp\/v2\/pages\/391","targetHints":{"allow":["GET"]}}],"collection":[{"href":"https:\/\/pinocchiotheconcept.com\/fr\/wp-json\/wp\/v2\/pages"}],"about":[{"href":"https:\/\/pinocchiotheconcept.com\/fr\/wp-json\/wp\/v2\/types\/page"}],"author":[{"embeddable":true,"href":"https:\/\/pinocchiotheconcept.com\/fr\/wp-json\/wp\/v2\/users\/1"}],"replies":[{"embeddable":true,"href":"https:\/\/pinocchiotheconcept.com\/fr\/wp-json\/wp\/v2\/comments?post=391"}],"version-history":[{"count":168,"href":"https:\/\/pinocchiotheconcept.com\/fr\/wp-json\/wp\/v2\/pages\/391\/revisions"}],"predecessor-version":[{"id":3061,"href":"https:\/\/pinocchiotheconcept.com\/fr\/wp-json\/wp\/v2\/pages\/391\/revisions\/3061"}],"wp:attachment":[{"href":"https:\/\/pinocchiotheconcept.com\/fr\/wp-json\/wp\/v2\/media?parent=391"}],"curies":[{"name":"wp","href":"https:\/\/api.w.org\/{rel}","templated":true}]}}